{"id":18,"date":"2021-05-03T12:26:59","date_gmt":"2021-05-03T12:26:59","guid":{"rendered":"https:\/\/cp-8.wmhost.com\/~kuriirikorhonen\/?page_id=18"},"modified":"2024-11-08T06:48:44","modified_gmt":"2024-11-08T06:48:44","slug":"palvelut","status":"publish","type":"page","link":"https:\/\/cp-8.wmhost.com\/~kuriirikorhonen\/palvelut\/","title":{"rendered":"Palvelut"},"content":{"rendered":"\n<div class=\"wp-block-columns is-layout-flex wp-container-core-columns-is-layout-9d6595d7 wp-block-columns-is-layout-flex\">\n<div class=\"wp-block-column is-layout-flow wp-block-column-is-layout-flow\">\n<h1 class=\"wp-block-heading\">Palvelut<\/h1>\n\n\n\n<p>L\u00e4hijakelupalvelu on joustava tapa hoitaa yritysten l\u00e4hikuljetukset Jyv\u00e4skyl\u00e4n seudulla.<\/p>\n\n\n\n<p>L\u00e4hettipalvelu mahdollistaa nopeat kuljetukset eritt\u00e4in kiireellisille l\u00e4hetyksille.<\/p>\n\n\n\n<p>Edellisten lis\u00e4ksi tarjoamme sopimuspohjaisia kuljetuspalveluja yrityksille. Tarjoamme palveluamme pienkuljetuksille ja toistaiseksi voimassa oleville muille sopimuspohjaisille kuljetuksille.<\/p>\n\n\n\n<div class=\"wp-block-buttons is-layout-flex wp-block-buttons-is-layout-flex\">\n<div class=\"wp-block-button is-style-outline is-style-outline--1\"><a class=\"wp-block-button__link has-text-color wp-element-button\" href=\"https:\/\/cp-8.wmhost.com\/~kuriirikorhonen\/yhteystiedot\/\" style=\"color:#d8b471\" rel=\"\">Pyyd\u00e4 tarjous<\/a><\/div>\n<\/div>\n\n\n<p>[ea_bootstrap]<\/p>\n<\/div>\n\n\n\n<div class=\"wp-block-column is-layout-flow wp-block-column-is-layout-flow\">\n<figure class=\"wp-block-image size-large is-style-rounded\"><img loading=\"lazy\" decoding=\"async\" width=\"559\" height=\"559\" src=\"https:\/\/cp-8.wmhost.com\/~kuriirikorhonen\/wp-content\/uploads\/2021\/05\/korhonen-deliveryman2WEB-e1621267205810.jpg\" alt=\"\" class=\"wp-image-779\" srcset=\"https:\/\/cp-8.wmhost.com\/~kuriirikorhonen\/wp-content\/uploads\/2021\/05\/korhonen-deliveryman2WEB-e1621267205810.jpg 559w, https:\/\/cp-8.wmhost.com\/~kuriirikorhonen\/wp-content\/uploads\/2021\/05\/korhonen-deliveryman2WEB-e1621267205810-300x300.jpg 300w, https:\/\/cp-8.wmhost.com\/~kuriirikorhonen\/wp-content\/uploads\/2021\/05\/korhonen-deliveryman2WEB-e1621267205810-150x150.jpg 150w\" sizes=\"auto, (max-width: 559px) 100vw, 559px\" \/><\/figure>\n\n\n\n<p><\/p>\n<\/div>\n<\/div>\n\n\n\n<div class=\"wp-block-bookly-form\"><!--\nPlugin Name: Bookly \u2013 Responsive WordPress Appointment Booking and Scheduling Plugin\nPlugin URI: https:\/\/www.booking-wp-plugin.com\/?utm_source=bookly_admin&utm_medium=plugins_page&utm_campaign=plugins_page\nVersion: 24.3-->\n<style type=\"text\/css\">\n    :root {\n        --bookly-main-color: #f4662f !important;\n    }\n\n    <\/style><div class=\"bookly-css-root\">\n    <div id=\"bookly-form-69d0b5e5a8aa0\" class=\"bookly-form\" data-form_id=\"69d0b5e5a8aa0\" aria-live=\"polite\">\n        <div style=\"text-align: center\"><img decoding=\"async\" src=\"https:\/\/cp-8.wmhost.com\/~kuriirikorhonen\/wp-includes\/js\/tinymce\/skins\/lightgray\/img\/loader.gif\" alt=\"Loading...\"\/><\/div>\n    <\/div>\n<\/div>\n<script type=\"text\/javascript\">\n    (function (win, fn) {\n        var done = false, top = true,\n            doc = win.document,\n            root = doc.documentElement,\n            modern = doc.addEventListener,\n            add = modern ? 'addEventListener' : 'attachEvent',\n            rem = modern ? 'removeEventListener' : 'detachEvent',\n            pre = modern ? '' : 'on',\n            init = function (e) {\n                if (e.type == 'readystatechange') if (doc.readyState != 'complete') return;\n                (e.type == 'load' ? win : doc)[rem](pre + e.type, init, false);\n                if (!done) {\n                    done = true;\n                    fn.call(win, e.type || e);\n                }\n            },\n            poll = function () {\n                try {\n                    root.doScroll('left');\n                } catch (e) {\n                    setTimeout(poll, 50);\n                    return;\n                }\n                init('poll');\n            };\n        if (doc.readyState == 'complete') fn.call(win, 'lazy');\n        else {\n            if (!modern) if (root.doScroll) {\n                try {\n                    top = !win.frameElement;\n                } catch (e) {\n                }\n                if (top) poll();\n            }\n            doc[add](pre + 'DOMContentLoaded', init, false);\n            doc[add](pre + 'readystatechange', init, false);\n            win[add](pre + 'load', init, false);\n        }\n    })(window, function () {\n        window.bookly( {\"form_id\":\"69d0b5e5a8aa0\",\"status\":{\"booking\":\"new\"},\"skip_steps\":{\"service_part1\":0,\"service_part2\":1,\"extras\":1,\"time\":0,\"repeat\":1,\"cart\":1},\"errors\":{\"session_error\":\"Session error.\",\"form_id_error\":\"Form ID error.\",\"cart_item_not_available\":\"The selected time is not available anymore. Please, choose another time slot.\",\"pay_locally_not_available\":\"Pay locally is not available.\",\"invalid_gateway\":\"Invalid gateway.\",\"payment_error\":\"Error.\",\"incorrect_username_password\":\"Virheellinen k\\u00e4ytt\\u00e4j\\u00e4tunnus tai salasana.\"},\"form_attributes\":{\"hide_categories\":true,\"hide_services\":false,\"hide_staff_members\":false,\"show_number_of_persons\":false,\"hide_service_duration\":true,\"hide_locations\":true,\"hide_quantity\":true,\"hide_date\":true,\"hide_week_days\":true,\"hide_time_range\":true},\"use_client_time_zone\":0,\"defaults\":{\"service_id\":0,\"staff_id\":0,\"location_id\":0,\"category_id\":0},\"datepicker_mode\":\"text-accent\"} );\n    });\n<\/script><\/div>\n\n\n\n<p><\/p>\n","protected":false},"excerpt":{"rendered":"<p>Palvelut L\u00e4hijakelupalvelu on joustava tapa hoitaa yritysten l\u00e4hikuljetukset Jyv\u00e4skyl\u00e4n seudulla. L\u00e4hettipalvelu mahdollistaa nopeat kuljetukset eritt\u00e4in kiireellisille l\u00e4hetyksille. Edellisten lis\u00e4ksi tarjoamme sopimuspohjaisia kuljetuspalveluja yrityksille. Tarjoamme palveluamme pienkuljetuksille ja toistaiseksi voimassa oleville muille sopimuspohjaisille kuljetuksille.<\/p>\n","protected":false},"author":1,"featured_media":0,"parent":0,"menu_order":0,"comment_status":"closed","ping_status":"closed","template":"","meta":{"footnotes":""},"class_list":["post-18","page","type-page","status-publish","hentry"],"_links":{"self":[{"href":"https:\/\/cp-8.wmhost.com\/~kuriirikorhonen\/wp-json\/wp\/v2\/pages\/18","targetHints":{"allow":["GET"]}}],"collection":[{"href":"https:\/\/cp-8.wmhost.com\/~kuriirikorhonen\/wp-json\/wp\/v2\/pages"}],"about":[{"href":"https:\/\/cp-8.wmhost.com\/~kuriirikorhonen\/wp-json\/wp\/v2\/types\/page"}],"author":[{"embeddable":true,"href":"https:\/\/cp-8.wmhost.com\/~kuriirikorhonen\/wp-json\/wp\/v2\/users\/1"}],"replies":[{"embeddable":true,"href":"https:\/\/cp-8.wmhost.com\/~kuriirikorhonen\/wp-json\/wp\/v2\/comments?post=18"}],"version-history":[{"count":8,"href":"https:\/\/cp-8.wmhost.com\/~kuriirikorhonen\/wp-json\/wp\/v2\/pages\/18\/revisions"}],"predecessor-version":[{"id":874,"href":"https:\/\/cp-8.wmhost.com\/~kuriirikorhonen\/wp-json\/wp\/v2\/pages\/18\/revisions\/874"}],"wp:attachment":[{"href":"https:\/\/cp-8.wmhost.com\/~kuriirikorhonen\/wp-json\/wp\/v2\/media?parent=18"}],"curies":[{"name":"wp","href":"https:\/\/api.w.org\/{rel}","templated":true}]}}