{"id":20,"date":"2021-05-03T12:27:14","date_gmt":"2021-05-03T12:27:14","guid":{"rendered":"https:\/\/cp-8.wmhost.com\/~kuriirikorhonen\/?page_id=20"},"modified":"2024-08-22T10:50:21","modified_gmt":"2024-08-22T10:50:21","slug":"etusivu","status":"publish","type":"page","link":"https:\/\/cp-8.wmhost.com\/~kuriirikorhonen\/","title":{"rendered":"Etusivu"},"content":{"rendered":"\n<h1 class=\"wp-block-heading has-text-align-center\">Laadukasta asiakasl\u00e4ht\u00f6ist\u00e4 kuljetuspalvelua<br>Keski-Suomesta k\u00e4sin<\/h1>\n\n\n\n<div class=\"wp-block-columns are-vertically-aligned-top is-layout-flex wp-container-core-columns-is-layout-9d6595d7 wp-block-columns-is-layout-flex\">\n<div class=\"wp-block-column is-vertically-aligned-top is-layout-flow wp-block-column-is-layout-flow\">\n<p><strong>Toiminta-ajatuksenamme<\/strong> on tuottaa laadukkaita kuljetuspalveluja yrityksille, joille toiminnan varmuus, aikataulujen tarkkuus ja palveluhenkisyys ovat vaateina tuotteidensa kuljetuksille ja n\u00e4in olla mukana kehitt\u00e4m\u00e4ss\u00e4 aina parempia asiakasyritysten toimintaa tukevia palveluja.<\/p>\n\n\n\n<p><strong>Koemme t\u00e4rke\u00e4n\u00e4 <\/strong>tarjota toiminta-alueemme yrityksille kotimaan ja ulkomaan pikarahtipalveluja ja varmistaa n\u00e4in alueen yrityksille kilpailukykyisen kuljetuspalvelun vienti- ja tuontitoiminnassaan, sek\u00e4 n\u00e4in edist\u00e4\u00e4 kilpailukyky\u00e4.<\/p>\n<\/div>\n\n\n\n<div class=\"wp-block-column is-vertically-aligned-top is-layout-flow wp-block-column-is-layout-flow\">\n<p><strong>Tarjoamme <\/strong>sopimuskuljetuksia, pikarahtia, sek\u00e4 l\u00e4hetti- ja kuriiripalveluita. Olemme erikoistuneet kevyen rahdin kuljetukseen.<\/p>\n\n\n\n<p><strong>Haluamme<\/strong> noudattaa kaikissa toimissamme lakia ja s\u00e4\u00e4d\u00f6ksi\u00e4 sek\u00e4 hyv\u00e4\u00e4 liikemiestapaa. Korostamme korkean moraalin ja etiikan pelis\u00e4\u00e4nt\u00f6j\u00e4. Otamme toiminnassamme ymp\u00e4rist\u00f6n\u00e4k\u00f6kohdat huomioon.<\/p>\n<\/div>\n<\/div>\n","protected":false},"excerpt":{"rendered":"<p>Laadukasta asiakasl\u00e4ht\u00f6ist\u00e4 kuljetuspalveluaKeski-Suomesta k\u00e4sin Toiminta-ajatuksenamme on tuottaa laadukkaita kuljetuspalveluja yrityksille, joille toiminnan varmuus, aikataulujen tarkkuus ja palveluhenkisyys ovat vaateina tuotteidensa kuljetuksille ja n\u00e4in olla mukana kehitt\u00e4m\u00e4ss\u00e4 aina parempia asiakasyritysten toimintaa tukevia palveluja. Koemme t\u00e4rke\u00e4n\u00e4 tarjota toiminta-alueemme yrityksille kotimaan ja ulkomaan pikarahtipalveluja ja varmistaa n\u00e4in alueen yrityksille kilpailukykyisen kuljetuspalvelun vienti- ja tuontitoiminnassaan, sek\u00e4 n\u00e4in edist\u00e4\u00e4 kilpailukyky\u00e4. [&hellip;]<\/p>\n","protected":false},"author":1,"featured_media":0,"parent":0,"menu_order":0,"comment_status":"closed","ping_status":"closed","template":"","meta":{"footnotes":""},"class_list":["post-20","page","type-page","status-publish","hentry"],"_links":{"self":[{"href":"https:\/\/cp-8.wmhost.com\/~kuriirikorhonen\/wp-json\/wp\/v2\/pages\/20","targetHints":{"allow":["GET"]}}],"collection":[{"href":"https:\/\/cp-8.wmhost.com\/~kuriirikorhonen\/wp-json\/wp\/v2\/pages"}],"about":[{"href":"https:\/\/cp-8.wmhost.com\/~kuriirikorhonen\/wp-json\/wp\/v2\/types\/page"}],"author":[{"embeddable":true,"href":"https:\/\/cp-8.wmhost.com\/~kuriirikorhonen\/wp-json\/wp\/v2\/users\/1"}],"replies":[{"embeddable":true,"href":"https:\/\/cp-8.wmhost.com\/~kuriirikorhonen\/wp-json\/wp\/v2\/comments?post=20"}],"version-history":[{"count":14,"href":"https:\/\/cp-8.wmhost.com\/~kuriirikorhonen\/wp-json\/wp\/v2\/pages\/20\/revisions"}],"predecessor-version":[{"id":852,"href":"https:\/\/cp-8.wmhost.com\/~kuriirikorhonen\/wp-json\/wp\/v2\/pages\/20\/revisions\/852"}],"wp:attachment":[{"href":"https:\/\/cp-8.wmhost.com\/~kuriirikorhonen\/wp-json\/wp\/v2\/media?parent=20"}],"curies":[{"name":"wp","href":"https:\/\/api.w.org\/{rel}","templated":true}]}}