{"id":22,"date":"2021-05-03T12:27:41","date_gmt":"2021-05-03T12:27:41","guid":{"rendered":"https:\/\/cp-8.wmhost.com\/~kuriirikorhonen\/?page_id=22"},"modified":"2021-05-11T12:19:36","modified_gmt":"2021-05-11T12:19:36","slug":"yritys-rekry","status":"publish","type":"page","link":"https:\/\/cp-8.wmhost.com\/~kuriirikorhonen\/yritys-rekry\/","title":{"rendered":"Yritys &#038; rekry"},"content":{"rendered":"\n<div class=\"wp-block-columns is-layout-flex wp-container-core-columns-is-layout-9d6595d7 wp-block-columns-is-layout-flex\">\n<div class=\"wp-block-column is-layout-flow wp-block-column-is-layout-flow\">\n<h1 class=\"wp-block-heading\">Yritys<\/h1>\n\n\n\n<p>Kuljetusapu Korhonen Oy jatkaa autoilija Armas Korhosen vuonna 1951 aloittamaa kuljetustoimintaa.<br><\/p>\n\n\n\n<p><strong>Vuonna 1954<\/strong> aloitettiin maidonajo M\u00e4ki-Matin meijeriin, jota kesti 25 vuotta, 1-3 autolla.<br><\/p>\n\n\n\n<p><strong>Vuonna 1978<\/strong> Laukaan Kuljetus Oy tilausajossa kuorma- ja pakettiauto.<br><\/p>\n\n\n\n<p><strong>1984<\/strong> Pesula Hienonen Oy:n kanssa kuljetussopimus kahdesta jakeluautosta.<br><\/p>\n\n\n\n<p><strong>1986\/-87<\/strong> Armas Korhonen j\u00e4\u00e4 el\u00e4kkeelle ja Seppo Korhonen jatkaa yrityst\u00e4.<br><\/p>\n\n\n\n<p><strong>1991<\/strong> Yhti\u00f6muoto kommandiittiyhti\u00f6ksi. Annikka Korhonen mukaan yhti\u00f6\u00f6n. Yrityksell\u00e4 4 autoa.<br><\/p>\n\n\n\n<p><strong>1995<\/strong> Yhti\u00f6st\u00e4 Laukaan vuoden yritt\u00e4j\u00e4.<br><\/p>\n\n\n\n<p><strong>1996<\/strong> Yhti\u00f6muoto muutetaan Osakeyhti\u00f6ksi, osakkaina Seppo ja Annikka Korhonen.<br><\/p>\n\n\n\n<p><strong>1997<\/strong> Aloitetaan kansainv\u00e4liset pikarahtikuljetukset Jyv\u00e4skyl\u00e4ss\u00e4, \u00c4\u00e4nekoskella ja J\u00e4ms\u00e4ss\u00e4.<br><\/p>\n\n\n\n<p><strong>1997<\/strong> Laatuk\u00e4sikirja laadittiin yhti\u00f6lle.<br><\/p>\n\n\n\n<p><strong>1998<\/strong> Ulkomaankuljetusten liikenn\u00f6intilupa saatiin.<br><\/p>\n\n\n\n<p><strong>1999<\/strong> Lindstr\u00f6m-kuljetukset alkoivat<br><\/p>\n\n\n\n<p><strong>2000<\/strong> Pikarahtiterminaali Vaajakoskelle, toiminnan laajentuminen (Kuopio, Iisalmi, Varkaus), omien toimintaprosessien kehitt\u00e4mist\u00e4.<br><\/p>\n\n\n\n<p><strong>2004<\/strong> Osakaspohjan laajentuminen perheen sis\u00e4ll\u00e4. Osakkaiksi lapset Kasse Korhonen, Pirta Paananen ja Mika Heltel\u00e4.<br><\/p>\n\n\n\n<p><strong>2013<\/strong> Kasse Korhonen toimitusjohtajaksi.<\/p>\n<\/div>\n\n\n\n<div class=\"wp-block-column is-layout-flow wp-block-column-is-layout-flow\">\n<h2 class=\"wp-block-heading\">Rekry<\/h2>\n\n\n\n<p>Haemme jatkuvasti uusia ty\u00f6ntekij\u00f6it\u00e4 l\u00e4heteiksi ja muihin teht\u00e4viin.<\/p>\n\n\n\n<h3 class=\"wp-block-heading\">J\u00e4t\u00e4 hakemus<\/h3>\n\n\n<div role=\"form\" class=\"wpcf7\" id=\"wpcf7-f671-o1\" lang=\"fi\" dir=\"ltr\">\n<div class=\"screen-reader-response\"><p role=\"status\" aria-live=\"polite\" aria-atomic=\"true\"><\/p> <ul><\/ul><\/div>\n<form action=\"\/~kuriirikorhonen\/wp-json\/wp\/v2\/pages\/22#wpcf7-f671-o1\" method=\"post\" class=\"wpcf7-form init\" enctype=\"multipart\/form-data\" novalidate=\"novalidate\" data-status=\"init\">\n<div style=\"display: none;\">\n<input type=\"hidden\" name=\"_wpcf7\" value=\"671\" \/>\n<input type=\"hidden\" name=\"_wpcf7_version\" value=\"5.4.1\" \/>\n<input type=\"hidden\" name=\"_wpcf7_locale\" value=\"fi\" \/>\n<input type=\"hidden\" name=\"_wpcf7_unit_tag\" value=\"wpcf7-f671-o1\" \/>\n<input type=\"hidden\" name=\"_wpcf7_container_post\" value=\"0\" \/>\n<input type=\"hidden\" name=\"_wpcf7_posted_data_hash\" value=\"\" \/>\n<\/div>\n<p><label> Nimi *<br \/>\n    <span class=\"wpcf7-form-control-wrap nimi\"><input type=\"text\" name=\"nimi\" value=\"\" size=\"40\" class=\"wpcf7-form-control wpcf7-text wpcf7-validates-as-required\" aria-required=\"true\" aria-invalid=\"false\" \/><\/span> <\/label><\/p>\n<p><label> S\u00e4hk\u00f6posti *<br \/>\n    <span class=\"wpcf7-form-control-wrap meili\"><input type=\"email\" name=\"meili\" value=\"\" size=\"40\" class=\"wpcf7-form-control wpcf7-text wpcf7-email wpcf7-validates-as-required wpcf7-validates-as-email\" aria-required=\"true\" aria-invalid=\"false\" \/><\/span> <\/label><\/p>\n<p><label> Puhelinnumero<br \/>\n<span class=\"wpcf7-form-control-wrap puh\"><input type=\"tel\" name=\"puh\" value=\"\" size=\"40\" class=\"wpcf7-form-control wpcf7-text wpcf7-tel wpcf7-validates-as-tel\" aria-invalid=\"false\" \/><\/span> <\/label><\/p>\n<p><label> Liit\u00e4 CV<br \/>\n<span class=\"wpcf7-form-control-wrap cv-tiedosto\"><input type=\"file\" name=\"cv-tiedosto\" size=\"40\" class=\"wpcf7-form-control wpcf7-file\" accept=\".pdf,.doc,.docx,.jpg,.jpeg,.png\" aria-invalid=\"false\" \/><\/span> <\/label><\/p>\n<p><label> Liit\u00e4 Hakemus<br \/>\n<span class=\"wpcf7-form-control-wrap hakemus-tiedosto\"><input type=\"file\" name=\"hakemus-tiedosto\" size=\"40\" class=\"wpcf7-form-control wpcf7-file\" accept=\".pdf,.doc,.docx,.jpg,.jpeg,.png\" aria-invalid=\"false\" \/><\/span><\/label><\/p>\n<p><label> Viesti<br \/>\n    <span class=\"wpcf7-form-control-wrap viesti\"><textarea name=\"viesti\" cols=\"40\" rows=\"10\" class=\"wpcf7-form-control wpcf7-textarea\" aria-invalid=\"false\"><\/textarea><\/span> <\/label><\/p>\n<p><input type=\"submit\" value=\"L\u00e4het\u00e4 Hakemus\" class=\"wpcf7-form-control wpcf7-submit\" \/><\/p>\n<div class=\"wpcf7-response-output\" aria-hidden=\"true\"><\/div><\/form><\/div>\n\n\n\n<p><\/p>\n<\/div>\n<\/div>\n","protected":false},"excerpt":{"rendered":"<p>Yritys Kuljetusapu Korhonen Oy jatkaa autoilija Armas Korhosen vuonna 1951 aloittamaa kuljetustoimintaa. Vuonna 1954 aloitettiin maidonajo M\u00e4ki-Matin meijeriin, jota kesti 25 vuotta, 1-3 autolla. Vuonna 1978 Laukaan Kuljetus Oy tilausajossa kuorma- ja pakettiauto. 1984 Pesula Hienonen Oy:n kanssa kuljetussopimus kahdesta jakeluautosta. 1986\/-87 Armas Korhonen j\u00e4\u00e4 el\u00e4kkeelle ja Seppo Korhonen jatkaa yrityst\u00e4. 1991 Yhti\u00f6muoto kommandiittiyhti\u00f6ksi. Annikka [&hellip;]<\/p>\n","protected":false},"author":1,"featured_media":0,"parent":0,"menu_order":0,"comment_status":"closed","ping_status":"closed","template":"","meta":{"footnotes":""},"class_list":["post-22","page","type-page","status-publish","hentry"],"_links":{"self":[{"href":"https:\/\/cp-8.wmhost.com\/~kuriirikorhonen\/wp-json\/wp\/v2\/pages\/22","targetHints":{"allow":["GET"]}}],"collection":[{"href":"https:\/\/cp-8.wmhost.com\/~kuriirikorhonen\/wp-json\/wp\/v2\/pages"}],"about":[{"href":"https:\/\/cp-8.wmhost.com\/~kuriirikorhonen\/wp-json\/wp\/v2\/types\/page"}],"author":[{"embeddable":true,"href":"https:\/\/cp-8.wmhost.com\/~kuriirikorhonen\/wp-json\/wp\/v2\/users\/1"}],"replies":[{"embeddable":true,"href":"https:\/\/cp-8.wmhost.com\/~kuriirikorhonen\/wp-json\/wp\/v2\/comments?post=22"}],"version-history":[{"count":0,"href":"https:\/\/cp-8.wmhost.com\/~kuriirikorhonen\/wp-json\/wp\/v2\/pages\/22\/revisions"}],"wp:attachment":[{"href":"https:\/\/cp-8.wmhost.com\/~kuriirikorhonen\/wp-json\/wp\/v2\/media?parent=22"}],"curies":[{"name":"wp","href":"https:\/\/api.w.org\/{rel}","templated":true}]}}