{"id":24,"date":"2021-05-03T12:27:53","date_gmt":"2021-05-03T12:27:53","guid":{"rendered":"https:\/\/cp-8.wmhost.com\/~kuriirikorhonen\/?page_id=24"},"modified":"2021-05-26T10:18:09","modified_gmt":"2021-05-26T10:18:09","slug":"yhteystiedot","status":"publish","type":"page","link":"https:\/\/cp-8.wmhost.com\/~kuriirikorhonen\/yhteystiedot\/","title":{"rendered":"Yhteystiedot"},"content":{"rendered":"\n<div class=\"wp-block-columns is-layout-flex wp-container-core-columns-is-layout-9d6595d7 wp-block-columns-is-layout-flex\">\n<div class=\"wp-block-column single is-layout-flow wp-block-column-is-layout-flow\">\n<h1 class=\"wp-block-heading\">Yhteystiedot<\/h1>\n\n\n\n<p><strong>Seppo Korhonen<\/strong><br>Hallituksen j\u00e4sen, kuljetusyritt\u00e4j\u00e4<br><a href=\"tel:0400642649\" data-type=\"tel\" data-id=\"tel:0400642649\">0400 642 649<\/a><br><a href=\"mailto:seppo.korhonen@korhonenoy.com\" data-type=\"mailto\" data-id=\"mailto:seppo.korhonen@korhonenoy.com\">seppo.korhonen (a) korhonenoy.com<\/a><\/p>\n\n\n\n<p><strong>Mika Heltel\u00e4<\/strong><br>Jakeluesimies<br>Ajoj\u00e4rjestely, ty\u00f6njohto, asiakaspalvelu<br><a href=\"tel:0405217274\" data-type=\"tel\" data-id=\"tel:0405217274\">040 521 7274<\/a><br><a href=\"mailto:mika.heltela@korhonenoy.com\" data-type=\"mailto\" data-id=\"mailto:mika.heltela@korhonenoy.com\">mika.heltela (a) korhonenoy.com<\/a><br><\/p>\n\n\n\n<p><strong>Kasse Korhonen<\/strong><br>Logistiikan insin\u00f6\u00f6ri (Ylempi AMK)<br>Toimitusjohtaja<br><a href=\"tel:0440462246\" data-type=\"tel\" data-id=\"tel:0440462246\">044 046 2246<\/a><br><a href=\"mailto:kasse.korhonen@korhonenoy.com\" data-type=\"mailto\" data-id=\"mailto:kasse.korhonen@korhonenoy.com\">kasse.korhonen (a) korhonenoy.com<\/a><\/p>\n\n\n\n<p><strong>Ajoj\u00e4rjestely<\/strong><br>0400 203 568<br>jyvaskyla (a) korhonenoy.com<\/p>\n<\/div>\n<\/div>\n","protected":false},"excerpt":{"rendered":"<p>Yhteystiedot Seppo KorhonenHallituksen j\u00e4sen, kuljetusyritt\u00e4j\u00e40400 642 649seppo.korhonen (a) korhonenoy.com Mika Heltel\u00e4JakeluesimiesAjoj\u00e4rjestely, ty\u00f6njohto, asiakaspalvelu040 521 7274mika.heltela (a) korhonenoy.com Kasse KorhonenLogistiikan insin\u00f6\u00f6ri (Ylempi AMK)Toimitusjohtaja044 046 2246kasse.korhonen (a) korhonenoy.com Ajoj\u00e4rjestely0400 203 568jyvaskyla (a) korhonenoy.com<\/p>\n","protected":false},"author":1,"featured_media":0,"parent":0,"menu_order":0,"comment_status":"closed","ping_status":"closed","template":"","meta":{"footnotes":""},"class_list":["post-24","page","type-page","status-publish","hentry"],"_links":{"self":[{"href":"https:\/\/cp-8.wmhost.com\/~kuriirikorhonen\/wp-json\/wp\/v2\/pages\/24","targetHints":{"allow":["GET"]}}],"collection":[{"href":"https:\/\/cp-8.wmhost.com\/~kuriirikorhonen\/wp-json\/wp\/v2\/pages"}],"about":[{"href":"https:\/\/cp-8.wmhost.com\/~kuriirikorhonen\/wp-json\/wp\/v2\/types\/page"}],"author":[{"embeddable":true,"href":"https:\/\/cp-8.wmhost.com\/~kuriirikorhonen\/wp-json\/wp\/v2\/users\/1"}],"replies":[{"embeddable":true,"href":"https:\/\/cp-8.wmhost.com\/~kuriirikorhonen\/wp-json\/wp\/v2\/comments?post=24"}],"version-history":[{"count":6,"href":"https:\/\/cp-8.wmhost.com\/~kuriirikorhonen\/wp-json\/wp\/v2\/pages\/24\/revisions"}],"predecessor-version":[{"id":826,"href":"https:\/\/cp-8.wmhost.com\/~kuriirikorhonen\/wp-json\/wp\/v2\/pages\/24\/revisions\/826"}],"wp:attachment":[{"href":"https:\/\/cp-8.wmhost.com\/~kuriirikorhonen\/wp-json\/wp\/v2\/media?parent=24"}],"curies":[{"name":"wp","href":"https:\/\/api.w.org\/{rel}","templated":true}]}}